{"id":286,"date":"2023-06-14T09:05:43","date_gmt":"2023-06-14T09:05:43","guid":{"rendered":"https:\/\/www.certificadomanipulador.es\/?post_type=product&#038;p=286"},"modified":"2025-06-18T10:28:07","modified_gmt":"2025-06-18T10:28:07","slug":"certificado-de-manipulador-de-alimentos","status":"publish","type":"product","link":"https:\/\/certificadomanipulador.es\/en\/product\/certificado-de-manipulador-de-alimentos\/","title":{"rendered":"Certificado de manipulador de alimentos"},"content":{"rendered":"<p>El certificado se enviar\u00e1 de forma autom\u00e1tica adjunto en un correo electr\u00f3nico en formato PDF. En caso de realizar el pago con tarjeta o bizum el env\u00edo del certificado es inmediato. Si realiza el pago mediante transferencia bancaria el env\u00edo se realizar\u00e1 en el momento que recibamos su pago. Tenga en cuenta que las transferencias nacionales suelen tardar de 1 a 3 d\u00edas laborales.<\/p>","protected":false},"excerpt":{"rendered":"<p>La compra de este producto incluye un certificado de manipulador de alimentos individual e intransferible expedido a nombre del comprador.<br \/>\nEl certificado se enviar\u00e1 de forma autom\u00e1tica adjunto en un correo electr\u00f3nico en formato PDF.<br \/>\nEste certificado solo se expide cuando el comprador ha realizado el examen del curso de manipulador de alimentos con \u00e9xito.<br \/>\nFormaci\u00f3n regulada seg\u00fan el Real Decreto 109\/2010 y Reglamento CE 852\/2004, v\u00e1lida para cualquier sector relacionado con la alimentaci\u00f3n.<\/p>","protected":false},"featured_media":386,"comment_status":"open","ping_status":"closed","template":"","meta":[],"product_brand":[],"product_cat":[19],"product_tag":[],"class_list":{"0":"post-286","1":"product","2":"type-product","3":"status-publish","4":"has-post-thumbnail","6":"product_cat-sin-categorizar","8":"first","9":"instock","10":"virtual","11":"sold-individually","12":"purchasable","13":"product-type-simple"},"_links":{"self":[{"href":"https:\/\/certificadomanipulador.es\/en\/wp-json\/wp\/v2\/product\/286","targetHints":{"allow":["GET"]}}],"collection":[{"href":"https:\/\/certificadomanipulador.es\/en\/wp-json\/wp\/v2\/product"}],"about":[{"href":"https:\/\/certificadomanipulador.es\/en\/wp-json\/wp\/v2\/types\/product"}],"replies":[{"embeddable":true,"href":"https:\/\/certificadomanipulador.es\/en\/wp-json\/wp\/v2\/comments?post=286"}],"wp:featuredmedia":[{"embeddable":true,"href":"https:\/\/certificadomanipulador.es\/en\/wp-json\/wp\/v2\/media\/386"}],"wp:attachment":[{"href":"https:\/\/certificadomanipulador.es\/en\/wp-json\/wp\/v2\/media?parent=286"}],"wp:term":[{"taxonomy":"product_brand","embeddable":true,"href":"https:\/\/certificadomanipulador.es\/en\/wp-json\/wp\/v2\/product_brand?post=286"},{"taxonomy":"product_cat","embeddable":true,"href":"https:\/\/certificadomanipulador.es\/en\/wp-json\/wp\/v2\/product_cat?post=286"},{"taxonomy":"product_tag","embeddable":true,"href":"https:\/\/certificadomanipulador.es\/en\/wp-json\/wp\/v2\/product_tag?post=286"}],"curies":[{"name":"wp","href":"https:\/\/api.w.org\/{rel}","templated":true}]}}