{"id":412,"date":"2023-07-12T11:27:02","date_gmt":"2023-07-12T11:27:02","guid":{"rendered":"https:\/\/www.certificadomanipulador.es\/?page_id=412"},"modified":"2023-07-12T11:27:02","modified_gmt":"2023-07-12T11:27:02","slug":"envios-y-devoluciones","status":"publish","type":"page","link":"https:\/\/certificadomanipulador.es\/en\/envios-y-devoluciones\/","title":{"rendered":"Env\u00edos y devoluciones"},"content":{"rendered":"<p><strong>Env\u00edos:<\/p>\n<p><\/strong>Los env\u00edos se realizar\u00e1n en un plazo no superior a 5 d\u00edas laborales desde que se ha recibido el pago. El env\u00edo se realiza a trav\u00e9s de correo postal ordinario. No nos hacemos responsables de los retrasos ocasionados por la empresa de transporte.<strong><\/p>\n<p>Devoluciones<\/strong><\/p>\n<p>Disponemos de un plazo para devoluciones de 14 d\u00edas naturales a partir de la fecha en que la empresa de transportes entreg\u00f3 tu pedido en el domicilio indicado al realizar la compra. Para iniciar el proceso de devoluci\u00f3n debes ponerte en contacto con la tienda a trav\u00e9s del mail <b>siscop@siscop.es<\/b><\/p>\n<p><b>Productos exentos de devoluciones:<\/b><\/p>\n<p>Certificados Online y carnets no se admiten devoluciones del producto ya que en el momento de ser expedido no se puede retirar la validez del mismo.<\/p>\n<p>Los productos devueltos deber\u00e1n devolverse en \u00f3ptimas condiciones, sin rastros de haber sido utilizados y con las etiquetas originales. Tambi\u00e9n debe estar en su embalaje original.<\/p>\n<p>Al recibir los productos en nuestra tienda verificaremos las condiciones y el estado de los mismos. De acuerdo a los resultados, se te enviar\u00e1 un producto nuevo, se te entregar\u00e1 un cup\u00f3n para una nueva compra o se te devolver\u00e1 el dinero a trav\u00e9s del mismo m\u00e9todo de pago utilizado en el pedido, seg\u00fan prefieras.<\/p>\n<p>Los gastos de env\u00edo que puedan generarse en este proceso correr\u00e1n a cargo del cliente. El importe puede variar dependiendo de peso del producto y de la localizaci\u00f3n geogr\u00e1fica en la que te encuentres.<\/p>\n<p>Las devoluciones tienen un tiempo de gesti\u00f3n aproximado de 10 d\u00edas h\u00e1biles.<\/p>\n<p>El cliente podr\u00e1 devolver cualquier producto que presente defectos de f\u00e1brica sin ning\u00fan coste. Los gastos de transporte que conlleven una devoluci\u00f3n por motivos diferentes a defectos de f\u00e1brica ser\u00e1n cubiertos por el cliente.<\/p>","protected":false},"excerpt":{"rendered":"<p>Env\u00edos: Los env\u00edos se realizar\u00e1n en un plazo no superior a 5 d\u00edas laborales desde que se ha recibido el pago. El env\u00edo se realiza a trav\u00e9s de correo postal ordinario. No nos hacemos responsables de los retrasos ocasionados por la empresa de transporte. Devoluciones Disponemos de un plazo para devoluciones de 14 d\u00edas naturales [&hellip;]<\/p>\n","protected":false},"author":1,"featured_media":0,"parent":0,"menu_order":0,"comment_status":"closed","ping_status":"closed","template":"","meta":{"footnotes":""},"class_list":["post-412","page","type-page","status-publish","hentry"],"_links":{"self":[{"href":"https:\/\/certificadomanipulador.es\/en\/wp-json\/wp\/v2\/pages\/412","targetHints":{"allow":["GET"]}}],"collection":[{"href":"https:\/\/certificadomanipulador.es\/en\/wp-json\/wp\/v2\/pages"}],"about":[{"href":"https:\/\/certificadomanipulador.es\/en\/wp-json\/wp\/v2\/types\/page"}],"author":[{"embeddable":true,"href":"https:\/\/certificadomanipulador.es\/en\/wp-json\/wp\/v2\/users\/1"}],"replies":[{"embeddable":true,"href":"https:\/\/certificadomanipulador.es\/en\/wp-json\/wp\/v2\/comments?post=412"}],"version-history":[{"count":1,"href":"https:\/\/certificadomanipulador.es\/en\/wp-json\/wp\/v2\/pages\/412\/revisions"}],"predecessor-version":[{"id":413,"href":"https:\/\/certificadomanipulador.es\/en\/wp-json\/wp\/v2\/pages\/412\/revisions\/413"}],"wp:attachment":[{"href":"https:\/\/certificadomanipulador.es\/en\/wp-json\/wp\/v2\/media?parent=412"}],"curies":[{"name":"wp","href":"https:\/\/api.w.org\/{rel}","templated":true}]}}