{"id":316,"date":"2023-06-14T18:19:17","date_gmt":"2023-06-14T18:19:17","guid":{"rendered":"https:\/\/www.certificadomanipulador.es\/?page_id=316"},"modified":"2023-06-14T18:28:14","modified_gmt":"2023-06-14T18:28:14","slug":"sobre-nosotros","status":"publish","type":"page","link":"https:\/\/certificadomanipulador.es\/en\/sobre-nosotros\/","title":{"rendered":"Sobre nosotros"},"content":{"rendered":"<div data-elementor-type=\"wp-page\" data-elementor-id=\"316\" class=\"elementor elementor-316\" data-elementor-post-type=\"page\">\n\t\t\t\t\t\t<section class=\"elementor-section elementor-top-section elementor-element elementor-element-7fad086 elementor-section-boxed elementor-section-height-default elementor-section-height-default\" data-id=\"7fad086\" data-element_type=\"section\" data-e-type=\"section\" data-settings=\"{&quot;background_background&quot;:&quot;classic&quot;,&quot;shape_divider_bottom_negative&quot;:&quot;yes&quot;,&quot;shape_divider_bottom&quot;:&quot;triangle&quot;}\">\n\t\t\t\t\t\t\t<div class=\"elementor-background-overlay\"><\/div>\n\t\t\t\t\t\t<div class=\"elementor-shape elementor-shape-bottom\" aria-hidden=\"true\" data-negative=\"true\">\n\t\t\t<svg xmlns=\"http:\/\/www.w3.org\/2000\/svg\" viewbox=\"0 0 1000 100\" preserveaspectratio=\"none\">\n\t<path class=\"elementor-shape-fill\" d=\"M500.2,94.7L0,0v100h1000V0L500.2,94.7z\"\/>\n<\/svg>\t\t<\/div>\n\t\t\t\t\t<div class=\"elementor-container elementor-column-gap-default\">\n\t\t\t\t\t<div class=\"elementor-column elementor-col-100 elementor-top-column elementor-element elementor-element-470d5032\" data-id=\"470d5032\" data-element_type=\"column\" data-e-type=\"column\" data-settings=\"{&quot;background_background&quot;:&quot;classic&quot;}\">\n\t\t\t<div class=\"elementor-widget-wrap elementor-element-populated\">\n\t\t\t\t\t\t<div class=\"elementor-element elementor-element-354d41ce elementor-widget__width-auto elementor-widget elementor-widget-heading\" data-id=\"354d41ce\" data-element_type=\"widget\" data-e-type=\"widget\" data-widget_type=\"heading.default\">\n\t\t\t\t<div class=\"elementor-widget-container\">\n\t\t\t\t\t<h2 class=\"elementor-heading-title elementor-size-default\">\u00bfQui\u00e9nes somos?<\/h2>\t\t\t\t<\/div>\n\t\t\t\t<\/div>\n\t\t\t\t\t<\/div>\n\t\t<\/div>\n\t\t\t\t\t<\/div>\n\t\t<\/section>\n\t\t\t\t<section class=\"elementor-section elementor-top-section elementor-element elementor-element-7a919b1a elementor-section-content-middle elementor-reverse-tablet elementor-reverse-mobile elementor-section-boxed elementor-section-height-default elementor-section-height-default\" data-id=\"7a919b1a\" data-element_type=\"section\" data-e-type=\"section\">\n\t\t\t\t\t\t<div class=\"elementor-container elementor-column-gap-default\">\n\t\t\t\t\t<div class=\"elementor-column elementor-col-50 elementor-top-column elementor-element elementor-element-65b3f52d\" data-id=\"65b3f52d\" data-element_type=\"column\" data-e-type=\"column\">\n\t\t\t<div class=\"elementor-widget-wrap elementor-element-populated\">\n\t\t\t\t\t\t<div class=\"elementor-element elementor-element-3151154 elementor-widget-tablet__width-initial elementor-widget-mobile__width-initial elementor-widget elementor-widget-image\" data-id=\"3151154\" data-element_type=\"widget\" data-e-type=\"widget\" data-widget_type=\"image.default\">\n\t\t\t\t<div class=\"elementor-widget-container\">\n\t\t\t\t\t\t\t\t\t\t\t\t\t\t\t<img fetchpriority=\"high\" decoding=\"async\" width=\"1282\" height=\"1920\" src=\"https:\/\/certificadomanipulador.es\/wp-content\/uploads\/2023\/06\/bn-2.jpg\" class=\"attachment-full size-full wp-image-331\" alt=\"\" srcset=\"https:\/\/certificadomanipulador.es\/wp-content\/uploads\/2023\/06\/bn-2.jpg 1282w, https:\/\/certificadomanipulador.es\/wp-content\/uploads\/2023\/06\/bn-2-200x300.jpg 200w, https:\/\/certificadomanipulador.es\/wp-content\/uploads\/2023\/06\/bn-2-684x1024.jpg 684w, https:\/\/certificadomanipulador.es\/wp-content\/uploads\/2023\/06\/bn-2-768x1150.jpg 768w, https:\/\/certificadomanipulador.es\/wp-content\/uploads\/2023\/06\/bn-2-1026x1536.jpg 1026w, https:\/\/certificadomanipulador.es\/wp-content\/uploads\/2023\/06\/bn-2-600x899.jpg 600w\" sizes=\"(max-width: 1282px) 100vw, 1282px\" \/>\t\t\t\t\t\t\t\t\t\t\t\t\t\t\t<\/div>\n\t\t\t\t<\/div>\n\t\t\t\t\t<\/div>\n\t\t<\/div>\n\t\t\t\t<div class=\"elementor-column elementor-col-50 elementor-top-column elementor-element elementor-element-70bcb422\" data-id=\"70bcb422\" data-element_type=\"column\" data-e-type=\"column\">\n\t\t\t<div class=\"elementor-widget-wrap elementor-element-populated\">\n\t\t\t\t\t\t<div class=\"elementor-element elementor-element-1af4508f elementor-widget elementor-widget-text-editor\" data-id=\"1af4508f\" data-element_type=\"widget\" data-e-type=\"widget\" data-widget_type=\"text-editor.default\">\n\t\t\t\t<div class=\"elementor-widget-container\">\n\t\t\t\t\t\t\t\t\t<p>LAEL SISCOP S.LU es una empresa especializada en Sanidad Ambiental y Seguridad Alimentaria. Contamos con un equipo altamente capacitado y certificado en estas \u00e1reas, conformado por profesionales experimentados en el campo de la salud y la seguridad alimentaria.<\/p><p>Nuestra empresa ofrece una amplia gama de servicios de consultor\u00eda y asesoramiento en Sanidad Ambiental y Seguridad Alimentaria a diversos establecimientos y empresas relacionadas con la industria alimentaria. Entre nuestros clientes se encuentran restaurantes, bares, hoteles, comedores escolares, carnicer\u00edas, mataderos, salas de despiece, distribuidores y grandes almacenes.<\/p><p>Nos enorgullece ofrecer soluciones integrales a nuestros clientes, brind\u00e1ndoles asistencia experta en la implementaci\u00f3n de medidas de seguridad y calidad alimentaria. Nuestro objetivo principal es garantizar la salud y el bienestar de los consumidores, as\u00ed como el cumplimiento de las normativas y regulaciones vigentes.<\/p><p>En LAEL SISCOP S.LU valoramos la calidad y la eficiencia en nuestro trabajo. Para ello, nos mantenemos actualizados constantemente sobre los avances y cambios en el \u00e1mbito de la sanidad ambiental y la seguridad alimentaria. De esta manera, podemos ofrecer a nuestros clientes los mejores y m\u00e1s actualizados servicios de consultor\u00eda.<\/p><p>Adem\u00e1s, nos enorgullece ofrecer a nuestros clientes cursos de formaci\u00f3n y capacitaci\u00f3n en manipulaci\u00f3n de alimentos, dise\u00f1ados por nuestros expertos profesionales. Estos cursos se imparten tanto de forma presencial como en l\u00ednea, y garantizamos un proceso de aprendizaje de alta calidad y una atenci\u00f3n personalizada para resolver cualquier duda o consulta que puedan tener nuestros estudiantes.<\/p>\t\t\t\t\t\t\t\t<\/div>\n\t\t\t\t<\/div>\n\t\t\t\t<div class=\"elementor-element elementor-element-3c2a7669 elementor-widget-divider--view-line elementor-widget elementor-widget-divider\" data-id=\"3c2a7669\" data-element_type=\"widget\" data-e-type=\"widget\" data-widget_type=\"divider.default\">\n\t\t\t\t<div class=\"elementor-widget-container\">\n\t\t\t\t\t\t\t<div class=\"elementor-divider\">\n\t\t\t<span class=\"elementor-divider-separator\">\n\t\t\t\t\t\t<\/span>\n\t\t<\/div>\n\t\t\t\t\t\t<\/div>\n\t\t\t\t<\/div>\n\t\t\t\t\t<\/div>\n\t\t<\/div>\n\t\t\t\t\t<\/div>\n\t\t<\/section>\n\t\t\t\t<section class=\"elementor-section elementor-top-section elementor-element elementor-element-2b7b7f68 elementor-section-content-middle elementor-section-boxed elementor-section-height-default elementor-section-height-default\" data-id=\"2b7b7f68\" data-element_type=\"section\" data-e-type=\"section\" data-settings=\"{&quot;background_background&quot;:&quot;classic&quot;}\">\n\t\t\t\t\t\t\t<div class=\"elementor-background-overlay\"><\/div>\n\t\t\t\t\t\t\t<div class=\"elementor-container elementor-column-gap-default\">\n\t\t\t\t\t<div class=\"elementor-column elementor-col-50 elementor-top-column elementor-element elementor-element-1e9facb9\" data-id=\"1e9facb9\" data-element_type=\"column\" data-e-type=\"column\">\n\t\t\t<div class=\"elementor-widget-wrap elementor-element-populated\">\n\t\t\t\t\t\t<div class=\"elementor-element elementor-element-505548dd elementor-widget elementor-widget-heading\" data-id=\"505548dd\" data-element_type=\"widget\" data-e-type=\"widget\" data-widget_type=\"heading.default\">\n\t\t\t\t<div class=\"elementor-widget-container\">\n\t\t\t\t\t<h2 class=\"elementor-heading-title elementor-size-default\">\u00bfHablamos?<\/h2>\t\t\t\t<\/div>\n\t\t\t\t<\/div>\n\t\t\t\t\t<\/div>\n\t\t<\/div>\n\t\t\t\t<div class=\"elementor-column elementor-col-50 elementor-top-column elementor-element elementor-element-2ea8b68f\" data-id=\"2ea8b68f\" data-element_type=\"column\" data-e-type=\"column\">\n\t\t\t<div class=\"elementor-widget-wrap elementor-element-populated\">\n\t\t\t\t\t\t<div class=\"elementor-element elementor-element-6bf5bc00 elementor-align-right elementor-tablet-align-center elementor-widget elementor-widget-button\" data-id=\"6bf5bc00\" data-element_type=\"widget\" data-e-type=\"widget\" data-widget_type=\"button.default\">\n\t\t\t\t<div class=\"elementor-widget-container\">\n\t\t\t\t\t\t\t\t\t<div class=\"elementor-button-wrapper\">\n\t\t\t\t\t<a class=\"elementor-button elementor-button-link elementor-size-xl elementor-animation-float\" href=\"https:\/\/certificadomanipulador.es\/en\/contacto\/\">\n\t\t\t\t\t\t<span class=\"elementor-button-content-wrapper\">\n\t\t\t\t\t\t\t\t\t<span class=\"elementor-button-text\">Contactar<\/span>\n\t\t\t\t\t<\/span>\n\t\t\t\t\t<\/a>\n\t\t\t\t<\/div>\n\t\t\t\t\t\t\t\t<\/div>\n\t\t\t\t<\/div>\n\t\t\t\t\t<\/div>\n\t\t<\/div>\n\t\t\t\t\t<\/div>\n\t\t<\/section>\n\t\t\t\t<\/div>","protected":false},"excerpt":{"rendered":"<p>\u00bfQui\u00e9nes somos? LAEL SISCOP S.LU es una empresa especializada en Sanidad Ambiental y Seguridad Alimentaria. Contamos con un equipo altamente capacitado y certificado en estas \u00e1reas, conformado por profesionales experimentados en el campo de la salud y la seguridad alimentaria. Nuestra empresa ofrece una amplia gama de servicios de consultor\u00eda y asesoramiento en Sanidad Ambiental [&hellip;]<\/p>\n","protected":false},"author":1,"featured_media":0,"parent":0,"menu_order":0,"comment_status":"closed","ping_status":"closed","template":"","meta":{"footnotes":""},"class_list":["post-316","page","type-page","status-publish","hentry"],"_links":{"self":[{"href":"https:\/\/certificadomanipulador.es\/en\/wp-json\/wp\/v2\/pages\/316","targetHints":{"allow":["GET"]}}],"collection":[{"href":"https:\/\/certificadomanipulador.es\/en\/wp-json\/wp\/v2\/pages"}],"about":[{"href":"https:\/\/certificadomanipulador.es\/en\/wp-json\/wp\/v2\/types\/page"}],"author":[{"embeddable":true,"href":"https:\/\/certificadomanipulador.es\/en\/wp-json\/wp\/v2\/users\/1"}],"replies":[{"embeddable":true,"href":"https:\/\/certificadomanipulador.es\/en\/wp-json\/wp\/v2\/comments?post=316"}],"version-history":[{"count":7,"href":"https:\/\/certificadomanipulador.es\/en\/wp-json\/wp\/v2\/pages\/316\/revisions"}],"predecessor-version":[{"id":341,"href":"https:\/\/certificadomanipulador.es\/en\/wp-json\/wp\/v2\/pages\/316\/revisions\/341"}],"wp:attachment":[{"href":"https:\/\/certificadomanipulador.es\/en\/wp-json\/wp\/v2\/media?parent=316"}],"curies":[{"name":"wp","href":"https:\/\/api.w.org\/{rel}","templated":true}]}}