{"id":249,"date":"2023-06-14T07:29:16","date_gmt":"2023-06-14T07:29:16","guid":{"rendered":"https:\/\/www.certificadomanipulador.es\/?page_id=249"},"modified":"2025-12-19T12:34:44","modified_gmt":"2025-12-19T12:34:44","slug":"curso-de-manipulador-de-alimentos","status":"publish","type":"page","link":"https:\/\/certificadomanipulador.es\/en\/curso-de-manipulador-de-alimentos\/","title":{"rendered":"Curso de manipulador de alimentos"},"content":{"rendered":"\t\t<div data-elementor-type=\"wp-page\" data-elementor-id=\"249\" class=\"elementor elementor-249\" data-elementor-post-type=\"page\">\n\t\t\t\t\t\t<section class=\"elementor-section elementor-top-section elementor-element elementor-element-0381b6f elementor-section-boxed elementor-section-height-default elementor-section-height-default\" data-id=\"0381b6f\" data-element_type=\"section\" data-e-type=\"section\">\n\t\t\t\t\t\t<div class=\"elementor-container elementor-column-gap-default\">\n\t\t\t\t\t<div class=\"elementor-column elementor-col-100 elementor-top-column elementor-element elementor-element-835793c\" data-id=\"835793c\" data-element_type=\"column\" data-e-type=\"column\">\n\t\t\t<div class=\"elementor-widget-wrap elementor-element-populated\">\n\t\t\t\t\t\t<div class=\"elementor-element elementor-element-b595fd7 elementor-widget elementor-widget-heading\" data-id=\"b595fd7\" data-element_type=\"widget\" data-e-type=\"widget\" data-widget_type=\"heading.default\">\n\t\t\t\t<div class=\"elementor-widget-container\">\n\t\t\t\t\t<h1 class=\"elementor-heading-title elementor-size-default\">Curso de manipulador de alimentos<\/h1>\t\t\t\t<\/div>\n\t\t\t\t<\/div>\n\t\t\t\t<div class=\"elementor-element elementor-element-6eef931 elementor-toc--minimized-on-tablet elementor-widget elementor-widget-table-of-contents\" data-id=\"6eef931\" data-element_type=\"widget\" data-e-type=\"widget\" data-settings=\"{&quot;headings_by_tags&quot;:[&quot;h3&quot;,&quot;h4&quot;,&quot;h5&quot;,&quot;h6&quot;],&quot;exclude_headings_by_selector&quot;:&quot;h1&quot;,&quot;marker_view&quot;:&quot;numbers&quot;,&quot;no_headings_message&quot;:&quot;No headings were found on this page.&quot;,&quot;minimize_box&quot;:&quot;yes&quot;,&quot;minimized_on&quot;:&quot;tablet&quot;,&quot;hierarchical_view&quot;:&quot;yes&quot;,&quot;min_height&quot;:{&quot;unit&quot;:&quot;px&quot;,&quot;size&quot;:&quot;&quot;,&quot;sizes&quot;:[]},&quot;min_height_tablet&quot;:{&quot;unit&quot;:&quot;px&quot;,&quot;size&quot;:&quot;&quot;,&quot;sizes&quot;:[]},&quot;min_height_mobile&quot;:{&quot;unit&quot;:&quot;px&quot;,&quot;size&quot;:&quot;&quot;,&quot;sizes&quot;:[]}}\" data-widget_type=\"table-of-contents.default\">\n\t\t\t\t<div class=\"elementor-widget-container\">\n\t\t\t\t\t\t\t\t\t<div class=\"elementor-toc__header\">\n\t\t\t\t\t\t<h6 class=\"elementor-toc__header-title\">\n\t\t\t\tTabla de contenidos\t\t\t<\/h6>\n\t\t\t\t\t\t\t\t\t\t<div class=\"elementor-toc__toggle-button elementor-toc__toggle-button--expand\" role=\"button\" tabindex=\"0\" aria-controls=\"elementor-toc__6eef931\" aria-expanded=\"true\" aria-label=\"Open table of contents\"><i aria-hidden=\"true\" class=\"fas fa-chevron-down\"><\/i><\/div>\n\t\t\t\t<div class=\"elementor-toc__toggle-button elementor-toc__toggle-button--collapse\" role=\"button\" tabindex=\"0\" aria-controls=\"elementor-toc__6eef931\" aria-expanded=\"true\" aria-label=\"Close table of contents\"><i aria-hidden=\"true\" class=\"fas fa-chevron-up\"><\/i><\/div>\n\t\t\t\t\t<\/div>\n\t\t\t\t<div id=\"elementor-toc__6eef931\" class=\"elementor-toc__body\">\n\t\t\t<div class=\"elementor-toc__spinner-container\">\n\t\t\t\t<i class=\"elementor-toc__spinner eicon-animation-spin eicon-loading\" aria-hidden=\"true\"><\/i>\t\t\t<\/div>\n\t\t<\/div>\n\t\t\t\t\t\t<\/div>\n\t\t\t\t<\/div>\n\t\t\t\t<div class=\"elementor-element elementor-element-e9cf7a8 elementor-widget elementor-widget-text-editor\" data-id=\"e9cf7a8\" data-element_type=\"widget\" data-e-type=\"widget\" data-settings=\"{&quot;_animation_tablet&quot;:&quot;none&quot;}\" data-widget_type=\"text-editor.default\">\n\t\t\t\t<div class=\"elementor-widget-container\">\n\t\t\t\t\t\t\t\t\t<p>A continuaci\u00f3n podr\u00e1s realizar de forma gratuita la formaci\u00f3n en v\u00eddeo y el temario en PDF del curso de manipulador de alimentos. Una vez termines de realizar la formaci\u00f3n podr\u00e1s realizar el examen tipo test <span style=\"text-decoration: underline;\"><strong><a href=\"https:\/\/certificadomanipulador.es\/examen-manipulador-de-alimentos\/\">AQU\u00cd<\/a><\/strong><\/span><\/p><p>La formaci\u00f3n como Manipulador de Alimentos y su correspondiente acreditaci\u00f3n, certificaci\u00f3n o carnet es de <strong>obligado cumplimiento en toda la Uni\u00f3n Europea para los trabajadores de la hosteler\u00eda y de cualquier otro sector alimentario seg\u00fan el Reglamento Europeo EC 852\/2004.<\/strong><\/p><p>El Certificado o Carnet que emitimos, a trav\u00e9s de este curso online, tiene validez oficial tanto en Espa\u00f1a como en cualquier pa\u00eds de la UE. Podr\u00e1s conseguir el Carnet de Manipulador en minutos y mejorar tu competencia profesional.<\/p><p>Nuestro manual no es una simple recopilaci\u00f3n de informaci\u00f3n sobre seguridad en el sector alimentario. En \u00e9l, describimos normas de higiene y pr\u00e1cticas realistas y siempre conforme las directrices fijadas por la Autoridad Europea de Seguridad Alimentaria (EFSA) y su punto focal en Espa\u00f1a, Agencia Espa\u00f1ola de Consumo, Seguridad Alimentaria y Nutrici\u00f3n (AECOSAN).<\/p><p>El amplio y variado contenido de nuestro Curso de Manipulador de Alimentos hace que esta formaci\u00f3n y su certificado o carnet sea apropiado para todos los manipuladores de cualquier sector alimentario.<\/p><p>Carnet y Certificado ACTUALIZADO para 2023<\/p><p>No dudes en contactarnos para cualquier cuesti\u00f3n que te pudiera surgir.<\/p>\t\t\t\t\t\t\t\t<\/div>\n\t\t\t\t<\/div>\n\t\t\t\t<div class=\"elementor-element elementor-element-bd1e61e elementor-widget elementor-widget-heading\" data-id=\"bd1e61e\" data-element_type=\"widget\" data-e-type=\"widget\" id=\"pdf\" data-widget_type=\"heading.default\">\n\t\t\t\t<div class=\"elementor-widget-container\">\n\t\t\t\t\t<h6 class=\"elementor-heading-title elementor-size-default\">Temario en formato PDF<\/h6>\t\t\t\t<\/div>\n\t\t\t\t<\/div>\n\t\t\t\t<div class=\"elementor-element elementor-element-7a58084 elementor-widget elementor-widget-pdf_viewer\" data-id=\"7a58084\" data-element_type=\"widget\" data-e-type=\"widget\" data-widget_type=\"pdf_viewer.default\">\n\t\t\t\t<div class=\"elementor-widget-container\">\n\t\t\t\t\t<iframe src=\"https:\/\/docs.google.com\/viewer?url=https:\/\/certificadomanipulador.es\/wp-content\/uploads\/2023\/07\/ebook-comemos-2023-EJEMPLAR-GRATUITO-1_compressed.pdf&amp;embedded=true\" style=\"display: block; margin-left: auto; margin-right: auto; width: 1500px; height: 1500px;\" frameborder=\"1\" marginheight=\"0px\" marginwidth=\"0px\" allowfullscreen><\/iframe>\t\t\t\t<\/div>\n\t\t\t\t<\/div>\n\t\t\t\t\t<\/div>\n\t\t<\/div>\n\t\t\t\t\t<\/div>\n\t\t<\/section>\n\t\t\t\t<section class=\"elementor-section elementor-top-section elementor-element elementor-element-baac138 elementor-section-boxed elementor-section-height-default elementor-section-height-default\" data-id=\"baac138\" data-element_type=\"section\" data-e-type=\"section\" data-settings=\"{&quot;background_background&quot;:&quot;classic&quot;}\">\n\t\t\t\t\t\t<div class=\"elementor-container elementor-column-gap-default\">\n\t\t\t\t\t<div class=\"elementor-column elementor-col-100 elementor-top-column elementor-element elementor-element-c3ffa91\" data-id=\"c3ffa91\" data-element_type=\"column\" data-e-type=\"column\">\n\t\t\t<div class=\"elementor-widget-wrap elementor-element-populated\">\n\t\t\t\t\t\t<div class=\"elementor-element elementor-element-ca0fbd8 elementor-widget elementor-widget-heading\" data-id=\"ca0fbd8\" data-element_type=\"widget\" data-e-type=\"widget\" id=\"video\" data-widget_type=\"heading.default\">\n\t\t\t\t<div class=\"elementor-widget-container\">\n\t\t\t\t\t<h2 class=\"elementor-heading-title elementor-size-default\">Temario en formato v\u00eddeo<\/h2>\t\t\t\t<\/div>\n\t\t\t\t<\/div>\n\t\t\t\t<div class=\"elementor-element elementor-element-1f15631 elementor-widget elementor-widget-video\" data-id=\"1f15631\" data-element_type=\"widget\" data-e-type=\"widget\" data-settings=\"{&quot;youtube_url&quot;:&quot;https:\\\/\\\/www.youtube.com\\\/watch?v=CEdNSi2A2Ig&quot;,&quot;video_type&quot;:&quot;youtube&quot;,&quot;controls&quot;:&quot;yes&quot;}\" data-widget_type=\"video.default\">\n\t\t\t\t<div class=\"elementor-widget-container\">\n\t\t\t\t\t\t\t<div class=\"elementor-wrapper elementor-open-inline\">\n\t\t\t<div class=\"elementor-video\"><\/div>\t\t<\/div>\n\t\t\t\t\t\t<\/div>\n\t\t\t\t<\/div>\n\t\t\t\t\t<\/div>\n\t\t<\/div>\n\t\t\t\t\t<\/div>\n\t\t<\/section>\n\t\t\t\t<section class=\"elementor-section elementor-top-section elementor-element elementor-element-d1b7cf0 elementor-section-boxed elementor-section-height-default elementor-section-height-default\" data-id=\"d1b7cf0\" data-element_type=\"section\" data-e-type=\"section\" data-settings=\"{&quot;background_background&quot;:&quot;classic&quot;}\">\n\t\t\t\t\t\t<div class=\"elementor-container elementor-column-gap-default\">\n\t\t\t\t\t<div class=\"elementor-column elementor-col-100 elementor-top-column elementor-element elementor-element-4b54af8\" data-id=\"4b54af8\" data-element_type=\"column\" data-e-type=\"column\">\n\t\t\t<div class=\"elementor-widget-wrap elementor-element-populated\">\n\t\t\t\t\t\t<div class=\"elementor-element elementor-element-c0345de premium-type-column elementor-invisible elementor-widget elementor-widget-premium-icon-list\" data-id=\"c0345de\" data-element_type=\"widget\" data-e-type=\"widget\" data-settings=\"{&quot;rbadges_repeater&quot;:[],&quot;_animation&quot;:&quot;zoomIn&quot;}\" data-widget_type=\"premium-icon-list.default\">\n\t\t\t\t<div class=\"elementor-widget-container\">\n\t\t\t\t\t\t\t\t<ul class=\"premium-bullet-list-box\">\r\n\t\t\t\t\r\n\t\t\t\t\t\t\t<li class=\"premium-bullet-list-content elementor-repeater-item-ff7674c\">\r\n\t\t\t\t\t\t\t\t<div class=\"premium-bullet-list-text\">\r\n\t\t\t\t\t\t\t\t\t\t\t\t\t\t\t\t\t\t\t<div class=\"premium-bullet-list-wrapper\">\r\n\t\t\t\t\t\t\t\t\t\t\t<div class=\"premium-drawable-icon\"><i class=\"premium-svg-nodraw jki jki-list-alt-solid\" aria-hidden=\"true\"><\/i><\/div>\t\t\t\t\t\t\t\t\t\t\t<\/div>\r\n\t\t\t\t\t\t\t\t\t\r\n\t\t\t\t\t\t\t\t\t<div class=\"premium-bullet-list-text-wrapper\">\r\n\t\t\t\t\t\t\t\t\t\t<span class=\"premium-bullet-text\" data-text=\"\u00bfHAS REALIZADO LA FORMACI\u00d3N?: Realizar examen tipo test\"> \u00bfHAS REALIZADO LA FORMACI\u00d3N?: Realizar examen tipo test <\/span>\t\t\t\t\t\t\t\t\t\t\t\t\t\t\t\t\t\t\t<\/div>\r\n\t\t\t\t\t\t\t\t<\/div>\r\n\r\n\t\t\t\t\t\t\t\t\r\n\t\t\t\t\t\t\t\t\t\t\t\t\t\t\t\t\t<a class=\"premium-bullet-list-link\" aria-label=\"\u00bfHAS REALIZADO LA FORMACI\u00d3N?: Realizar examen tipo test\" href=\"https:\/\/certificadomanipulador.es\/examen-manipulador-de-alimentos\/\">\r\n\t\t\t\t\t\t\t\t\t\t<span>\u00bfHAS REALIZADO LA FORMACI\u00d3N?: Realizar examen tipo test<\/span>\r\n\t\t\t\t\t\t\t\t\t<\/a>\r\n\t\t\t\t\t\t\t\t\r\n\t\t\t\t\t\t\t<\/li>\r\n\r\n\t\t\t\t\t\t\t\t\t\t<\/ul>\r\n\t\t\t\t\t\t<\/div>\n\t\t\t\t<\/div>\n\t\t\t\t\t<\/div>\n\t\t<\/div>\n\t\t\t\t\t<\/div>\n\t\t<\/section>\n\t\t\t\t<\/div>\n\t\t","protected":false},"excerpt":{"rendered":"<p>Curso de manipulador de alimentos Tabla de contenidos A continuaci\u00f3n podr\u00e1s realizar de forma gratuita la formaci\u00f3n en v\u00eddeo y el temario en PDF del curso de manipulador de alimentos. Una vez termines de realizar la formaci\u00f3n podr\u00e1s realizar el examen tipo test AQU\u00cd La formaci\u00f3n como Manipulador de Alimentos y su correspondiente acreditaci\u00f3n, certificaci\u00f3n [&hellip;]<\/p>\n","protected":false},"author":1,"featured_media":0,"parent":0,"menu_order":0,"comment_status":"closed","ping_status":"closed","template":"","meta":{"footnotes":""},"class_list":["post-249","page","type-page","status-publish","hentry"],"_links":{"self":[{"href":"https:\/\/certificadomanipulador.es\/en\/wp-json\/wp\/v2\/pages\/249","targetHints":{"allow":["GET"]}}],"collection":[{"href":"https:\/\/certificadomanipulador.es\/en\/wp-json\/wp\/v2\/pages"}],"about":[{"href":"https:\/\/certificadomanipulador.es\/en\/wp-json\/wp\/v2\/types\/page"}],"author":[{"embeddable":true,"href":"https:\/\/certificadomanipulador.es\/en\/wp-json\/wp\/v2\/users\/1"}],"replies":[{"embeddable":true,"href":"https:\/\/certificadomanipulador.es\/en\/wp-json\/wp\/v2\/comments?post=249"}],"version-history":[{"count":88,"href":"https:\/\/certificadomanipulador.es\/en\/wp-json\/wp\/v2\/pages\/249\/revisions"}],"predecessor-version":[{"id":733,"href":"https:\/\/certificadomanipulador.es\/en\/wp-json\/wp\/v2\/pages\/249\/revisions\/733"}],"wp:attachment":[{"href":"https:\/\/certificadomanipulador.es\/en\/wp-json\/wp\/v2\/media?parent=249"}],"curies":[{"name":"wp","href":"https:\/\/api.w.org\/{rel}","templated":true}]}}